{"id":1141,"date":"2019-02-14T14:42:29","date_gmt":"2019-02-14T13:42:29","guid":{"rendered":"http:\/\/vergerdefouisseul.com\/?page_id=1141"},"modified":"2023-07-12T11:50:29","modified_gmt":"2023-07-12T09:50:29","slug":"latelier-deco","status":"publish","type":"page","link":"https:\/\/www.vergerdefouisseul.com\/index.php\/latelier-deco\/","title":{"rendered":"L&rsquo;atelier D\u00e9co"},"content":{"rendered":"\n<figure class=\"wp-block-image size-large is-resized\"><img loading=\"lazy\" decoding=\"async\" src=\"https:\/\/www.vergerdefouisseul.com\/wp-content\/uploads\/2020\/01\/logo_site_atelier-1020x171.jpg\" alt=\"\" class=\"wp-image-1586\" width=\"765\" height=\"128\" srcset=\"https:\/\/www.vergerdefouisseul.com\/wp-content\/uploads\/2020\/01\/logo_site_atelier-1020x171.jpg 1020w, https:\/\/www.vergerdefouisseul.com\/wp-content\/uploads\/2020\/01\/logo_site_atelier-632x106.jpg 632w, https:\/\/www.vergerdefouisseul.com\/wp-content\/uploads\/2020\/01\/logo_site_atelier-768x129.jpg 768w, https:\/\/www.vergerdefouisseul.com\/wp-content\/uploads\/2020\/01\/logo_site_atelier.jpg 1426w\" sizes=\"auto, (max-width: 765px) 100vw, 765px\" \/><\/figure>\n\n\n\n<p><br>Les meubles ont droit \u00e0 une seconde vie !<br><br>Passionn\u00e9e de d\u00e9co, je me suis mise \u00e0 la r\u00e9novation de meubles anciens afin de leur donner une seconde vie. <br>Tout a commenc\u00e9 avec l&rsquo;am\u00e9nagement des g\u00eetes. Garder l&rsquo;esprit ancien, tout en modernisant un mobilier qui a une histoire.<br>Pourquoi acheter du neuf quand de beaux meubles, qui dorment dans les greniers, ne demandent qu&rsquo;\u00e0 rajeunir un peu &#8230; <br><br>Je restaure aujourd&rsquo;hui principalement des chaises et des fauteuils en garniture traditionnelle et contemporaine, pour mon plaisir et celui des autres..<br><br>Pour les vacanciers qui s\u00e9journent au Verger de Fouisseul, je fournis quelques conseils sur demande.<br><br> <br>A bient\u00f4t<br>Gw\u00e9na\u00eblle <br><\/p>\n\n\n\n<div class=\"wp-block-columns is-layout-flex wp-container-core-columns-is-layout-9d6595d7 wp-block-columns-is-layout-flex\">\n<div class=\"wp-block-column is-layout-flow wp-block-column-is-layout-flow\">\n<figure class=\"wp-block-image size-large is-resized\"><a href=\"https:\/\/www.vergerdefouisseul.com\/index.php\/latelier-deco\/mes-dernieres-realisations\/\"><img loading=\"lazy\" decoding=\"async\" src=\"https:\/\/www.vergerdefouisseul.com\/wp-content\/uploads\/2020\/08\/medaillon_jaune.jpg\" alt=\"chaise m\u00e9daillon\" class=\"wp-image-1775\" width=\"177\" height=\"236\" srcset=\"https:\/\/www.vergerdefouisseul.com\/wp-content\/uploads\/2020\/08\/medaillon_jaune.jpg 720w, https:\/\/www.vergerdefouisseul.com\/wp-content\/uploads\/2020\/08\/medaillon_jaune-632x843.jpg 632w\" sizes=\"auto, (max-width: 177px) 100vw, 177px\" \/><\/a><figcaption class=\"wp-element-caption\"><a href=\"https:\/\/www.vergerdefouisseul.com\/index.php\/latelier-deco\/mes-dernieres-realisations\/\" title=\"les derni\u00e8res r\u00e9alisations\">les derni\u00e8res r\u00e9alisations<\/a><\/figcaption><\/figure>\n<\/div>\n\n\n\n<div class=\"wp-block-column is-layout-flow wp-block-column-is-layout-flow\">\n<figure class=\"wp-block-image size-large is-resized\"><a href=\"https:\/\/www.vergerdefouisseul.com\/index.php\/latelier-deco\/aerogommage\/\"><img loading=\"lazy\" decoding=\"async\" src=\"https:\/\/www.vergerdefouisseul.com\/wp-content\/uploads\/2020\/09\/IMG_20200903_194127-1020x1360.jpg\" alt=\"Cabriolet apr\u00e8s a\u00e9rogommage\" class=\"wp-image-1786\" width=\"169\" height=\"234\"\/><\/a><figcaption class=\"wp-element-caption\"><a href=\"https:\/\/www.vergerdefouisseul.com\/index.php\/latelier-deco\/aerogommage\/\" title=\"les prestations d\u2019a\u00e9rogommage\"> a\u00e9rogommage<\/a><\/figcaption><\/figure>\n<\/div>\n<\/div>\n\n\n\n<p><\/p>\n","protected":false},"excerpt":{"rendered":"<p>Les meubles ont droit \u00e0 une seconde vie ! Passionn\u00e9e de d\u00e9co, je me suis mise \u00e0 la r\u00e9novation de meubles anciens afin de leur donner une seconde vie. Tout a commenc\u00e9 avec l&rsquo;am\u00e9nagement des g\u00eetes. Garder l&rsquo;esprit ancien, tout en modernisant un mobilier qui a une histoire.Pourquoi acheter du neuf quand de beaux meubles, [&hellip;]<\/p>\n","protected":false},"author":1,"featured_media":1143,"parent":0,"menu_order":0,"comment_status":"closed","ping_status":"closed","template":"","meta":{"footnotes":""},"class_list":["post-1141","page","type-page","status-publish","has-post-thumbnail","czr-hentry"],"yoast_head":"<!-- This site is optimized with the Yoast SEO plugin v25.9 - https:\/\/yoast.com\/wordpress\/plugins\/seo\/ -->\n<title>L&#039;atelier D\u00e9co - Le Verger de Fouisseul<\/title>\n<meta name=\"robots\" content=\"index, follow, max-snippet:-1, max-image-preview:large, max-video-preview:-1\" \/>\n<link rel=\"canonical\" href=\"https:\/\/www.vergerdefouisseul.com\/index.php\/latelier-deco\/\" \/>\n<meta property=\"og:locale\" content=\"fr_FR\" \/>\n<meta property=\"og:type\" content=\"article\" \/>\n<meta property=\"og:title\" content=\"L&#039;atelier D\u00e9co - Le Verger de Fouisseul\" \/>\n<meta property=\"og:description\" content=\"Les meubles ont droit \u00e0 une seconde vie ! Passionn\u00e9e de d\u00e9co, je me suis mise \u00e0 la r\u00e9novation de meubles anciens afin de leur donner une seconde vie. Tout a commenc\u00e9 avec l&rsquo;am\u00e9nagement des g\u00eetes. Garder l&rsquo;esprit ancien, tout en modernisant un mobilier qui a une histoire.Pourquoi acheter du neuf quand de beaux meubles, [&hellip;]\" \/>\n<meta property=\"og:url\" content=\"https:\/\/www.vergerdefouisseul.com\/index.php\/latelier-deco\/\" \/>\n<meta property=\"og:site_name\" content=\"Le Verger de Fouisseul\" \/>\n<meta property=\"article:publisher\" content=\"https:\/\/www.facebook.com\/vergerfouisseul\" \/>\n<meta property=\"article:modified_time\" content=\"2023-07-12T09:50:29+00:00\" \/>\n<meta property=\"og:image\" content=\"https:\/\/www.vergerdefouisseul.com\/wp-content\/uploads\/2019\/02\/logo_atelier19.jpg\" \/>\n\t<meta property=\"og:image:width\" content=\"428\" \/>\n\t<meta property=\"og:image:height\" content=\"292\" \/>\n\t<meta property=\"og:image:type\" content=\"image\/jpeg\" \/>\n<meta name=\"twitter:card\" content=\"summary_large_image\" \/>\n<meta name=\"twitter:label1\" content=\"Dur\u00e9e de lecture estim\u00e9e\" \/>\n\t<meta name=\"twitter:data1\" content=\"2 minutes\" \/>\n<script type=\"application\/ld+json\" class=\"yoast-schema-graph\">{\"@context\":\"https:\/\/schema.org\",\"@graph\":[{\"@type\":\"WebPage\",\"@id\":\"https:\/\/www.vergerdefouisseul.com\/index.php\/latelier-deco\/\",\"url\":\"https:\/\/www.vergerdefouisseul.com\/index.php\/latelier-deco\/\",\"name\":\"L'atelier D\u00e9co - Le Verger de Fouisseul\",\"isPartOf\":{\"@id\":\"https:\/\/www.vergerdefouisseul.com\/#website\"},\"primaryImageOfPage\":{\"@id\":\"https:\/\/www.vergerdefouisseul.com\/index.php\/latelier-deco\/#primaryimage\"},\"image\":{\"@id\":\"https:\/\/www.vergerdefouisseul.com\/index.php\/latelier-deco\/#primaryimage\"},\"thumbnailUrl\":\"https:\/\/www.vergerdefouisseul.com\/wp-content\/uploads\/2019\/02\/logo_atelier19.jpg\",\"datePublished\":\"2019-02-14T13:42:29+00:00\",\"dateModified\":\"2023-07-12T09:50:29+00:00\",\"breadcrumb\":{\"@id\":\"https:\/\/www.vergerdefouisseul.com\/index.php\/latelier-deco\/#breadcrumb\"},\"inLanguage\":\"fr-FR\",\"potentialAction\":[{\"@type\":\"ReadAction\",\"target\":[\"https:\/\/www.vergerdefouisseul.com\/index.php\/latelier-deco\/\"]}]},{\"@type\":\"ImageObject\",\"inLanguage\":\"fr-FR\",\"@id\":\"https:\/\/www.vergerdefouisseul.com\/index.php\/latelier-deco\/#primaryimage\",\"url\":\"https:\/\/www.vergerdefouisseul.com\/wp-content\/uploads\/2019\/02\/logo_atelier19.jpg\",\"contentUrl\":\"https:\/\/www.vergerdefouisseul.com\/wp-content\/uploads\/2019\/02\/logo_atelier19.jpg\",\"width\":428,\"height\":292,\"caption\":\"atelier d\u00e9co\"},{\"@type\":\"BreadcrumbList\",\"@id\":\"https:\/\/www.vergerdefouisseul.com\/index.php\/latelier-deco\/#breadcrumb\",\"itemListElement\":[{\"@type\":\"ListItem\",\"position\":1,\"name\":\"Accueil\",\"item\":\"https:\/\/www.vergerdefouisseul.com\/\"},{\"@type\":\"ListItem\",\"position\":2,\"name\":\"L&#8217;atelier D\u00e9co\"}]},{\"@type\":\"WebSite\",\"@id\":\"https:\/\/www.vergerdefouisseul.com\/#website\",\"url\":\"https:\/\/www.vergerdefouisseul.com\/\",\"name\":\"Le Verger de Fouisseul\",\"description\":\"\",\"potentialAction\":[{\"@type\":\"SearchAction\",\"target\":{\"@type\":\"EntryPoint\",\"urlTemplate\":\"https:\/\/www.vergerdefouisseul.com\/?s={search_term_string}\"},\"query-input\":{\"@type\":\"PropertyValueSpecification\",\"valueRequired\":true,\"valueName\":\"search_term_string\"}}],\"inLanguage\":\"fr-FR\"}]}<\/script>\n<!-- \/ Yoast SEO plugin. -->","yoast_head_json":{"title":"L'atelier D\u00e9co - Le Verger de Fouisseul","robots":{"index":"index","follow":"follow","max-snippet":"max-snippet:-1","max-image-preview":"max-image-preview:large","max-video-preview":"max-video-preview:-1"},"canonical":"https:\/\/www.vergerdefouisseul.com\/index.php\/latelier-deco\/","og_locale":"fr_FR","og_type":"article","og_title":"L'atelier D\u00e9co - Le Verger de Fouisseul","og_description":"Les meubles ont droit \u00e0 une seconde vie ! Passionn\u00e9e de d\u00e9co, je me suis mise \u00e0 la r\u00e9novation de meubles anciens afin de leur donner une seconde vie. Tout a commenc\u00e9 avec l&rsquo;am\u00e9nagement des g\u00eetes. Garder l&rsquo;esprit ancien, tout en modernisant un mobilier qui a une histoire.Pourquoi acheter du neuf quand de beaux meubles, [&hellip;]","og_url":"https:\/\/www.vergerdefouisseul.com\/index.php\/latelier-deco\/","og_site_name":"Le Verger de Fouisseul","article_publisher":"https:\/\/www.facebook.com\/vergerfouisseul","article_modified_time":"2023-07-12T09:50:29+00:00","og_image":[{"width":428,"height":292,"url":"https:\/\/www.vergerdefouisseul.com\/wp-content\/uploads\/2019\/02\/logo_atelier19.jpg","type":"image\/jpeg"}],"twitter_card":"summary_large_image","twitter_misc":{"Dur\u00e9e de lecture estim\u00e9e":"2 minutes"},"schema":{"@context":"https:\/\/schema.org","@graph":[{"@type":"WebPage","@id":"https:\/\/www.vergerdefouisseul.com\/index.php\/latelier-deco\/","url":"https:\/\/www.vergerdefouisseul.com\/index.php\/latelier-deco\/","name":"L'atelier D\u00e9co - Le Verger de Fouisseul","isPartOf":{"@id":"https:\/\/www.vergerdefouisseul.com\/#website"},"primaryImageOfPage":{"@id":"https:\/\/www.vergerdefouisseul.com\/index.php\/latelier-deco\/#primaryimage"},"image":{"@id":"https:\/\/www.vergerdefouisseul.com\/index.php\/latelier-deco\/#primaryimage"},"thumbnailUrl":"https:\/\/www.vergerdefouisseul.com\/wp-content\/uploads\/2019\/02\/logo_atelier19.jpg","datePublished":"2019-02-14T13:42:29+00:00","dateModified":"2023-07-12T09:50:29+00:00","breadcrumb":{"@id":"https:\/\/www.vergerdefouisseul.com\/index.php\/latelier-deco\/#breadcrumb"},"inLanguage":"fr-FR","potentialAction":[{"@type":"ReadAction","target":["https:\/\/www.vergerdefouisseul.com\/index.php\/latelier-deco\/"]}]},{"@type":"ImageObject","inLanguage":"fr-FR","@id":"https:\/\/www.vergerdefouisseul.com\/index.php\/latelier-deco\/#primaryimage","url":"https:\/\/www.vergerdefouisseul.com\/wp-content\/uploads\/2019\/02\/logo_atelier19.jpg","contentUrl":"https:\/\/www.vergerdefouisseul.com\/wp-content\/uploads\/2019\/02\/logo_atelier19.jpg","width":428,"height":292,"caption":"atelier d\u00e9co"},{"@type":"BreadcrumbList","@id":"https:\/\/www.vergerdefouisseul.com\/index.php\/latelier-deco\/#breadcrumb","itemListElement":[{"@type":"ListItem","position":1,"name":"Accueil","item":"https:\/\/www.vergerdefouisseul.com\/"},{"@type":"ListItem","position":2,"name":"L&#8217;atelier D\u00e9co"}]},{"@type":"WebSite","@id":"https:\/\/www.vergerdefouisseul.com\/#website","url":"https:\/\/www.vergerdefouisseul.com\/","name":"Le Verger de Fouisseul","description":"","potentialAction":[{"@type":"SearchAction","target":{"@type":"EntryPoint","urlTemplate":"https:\/\/www.vergerdefouisseul.com\/?s={search_term_string}"},"query-input":{"@type":"PropertyValueSpecification","valueRequired":true,"valueName":"search_term_string"}}],"inLanguage":"fr-FR"}]}},"_links":{"self":[{"href":"https:\/\/www.vergerdefouisseul.com\/index.php\/wp-json\/wp\/v2\/pages\/1141","targetHints":{"allow":["GET"]}}],"collection":[{"href":"https:\/\/www.vergerdefouisseul.com\/index.php\/wp-json\/wp\/v2\/pages"}],"about":[{"href":"https:\/\/www.vergerdefouisseul.com\/index.php\/wp-json\/wp\/v2\/types\/page"}],"author":[{"embeddable":true,"href":"https:\/\/www.vergerdefouisseul.com\/index.php\/wp-json\/wp\/v2\/users\/1"}],"replies":[{"embeddable":true,"href":"https:\/\/www.vergerdefouisseul.com\/index.php\/wp-json\/wp\/v2\/comments?post=1141"}],"version-history":[{"count":70,"href":"https:\/\/www.vergerdefouisseul.com\/index.php\/wp-json\/wp\/v2\/pages\/1141\/revisions"}],"predecessor-version":[{"id":2151,"href":"https:\/\/www.vergerdefouisseul.com\/index.php\/wp-json\/wp\/v2\/pages\/1141\/revisions\/2151"}],"wp:featuredmedia":[{"embeddable":true,"href":"https:\/\/www.vergerdefouisseul.com\/index.php\/wp-json\/wp\/v2\/media\/1143"}],"wp:attachment":[{"href":"https:\/\/www.vergerdefouisseul.com\/index.php\/wp-json\/wp\/v2\/media?parent=1141"}],"curies":[{"name":"wp","href":"https:\/\/api.w.org\/{rel}","templated":true}]}}