{"id":1387,"date":"2019-07-01T16:50:18","date_gmt":"2019-07-01T14:50:18","guid":{"rendered":"https:\/\/www.vergerdefouisseul.com\/?page_id=1387"},"modified":"2022-03-25T11:55:27","modified_gmt":"2022-03-25T10:55:27","slug":"mentions-legales","status":"publish","type":"page","link":"https:\/\/www.vergerdefouisseul.com\/index.php\/mentions-legales\/","title":{"rendered":"Mentions l\u00e9gales"},"content":{"rendered":"\n<p>En vertu de l&rsquo;Article 6 de la loi n\u00b02004-575 du 21 juin 2004\npour la confiance dans l&rsquo;\u00e9conomie num\u00e9rique, il est pr\u00e9cis\u00e9 ci-dessous\nl&rsquo;identit\u00e9 des diff\u00e9rents intervenants dans le cadre de sa r\u00e9alisation et de\nson suivi.<\/p>\n\n\n\n<p>Le site www.vergerdefouisseul.com est \u00e9dit\u00e9 par la SARL Le Verger de Fouisseul <br> Adresse si\u00e8ge social : Le Fouisseul 35250 Saint-Germain sur Ille <br> T\u00e9l\u00e9phone : +33677612673<br> Adresse e-mail : <a href=\"mailto:verger.fouisseul@gmail.com\">verger.fouisseul@gmail.com<\/a><br> <br> Le directeur de publication est : Gw\u00e9na\u00eblle Osmont<br> Adresse de contact : <a href=\"mailto:verger.fouisseul@gmail.com\">verger.fouisseul@gmail.com<\/a><\/p>\n\n\n\n<p>Le site www.vergerdefouisseul.com est h\u00e9berg\u00e9 par :<\/p>\n\n\n\n<p>OVH <\/p>\n\n\n\n<p>&nbsp;dont le si\u00e8ge est\nsitu\u00e9 \u00e0 l&rsquo;adresse suivante : 2 rue kellermann BP 80157 59053 ROUBAIX<\/p>\n\n\n\n<p>Le verger de Fouisseul , repr\u00e9sent\u00e9e par Gw\u00e9na\u00eblle Osmont,\nest une SARL au capital de 13.000\u20ac.<br>\nN\u00b0 Siret : 814&nbsp;363&nbsp;131 &nbsp;enregistr\u00e9 au RCS de Rennes<br>\nNum\u00e9ro de TVA intracommunautaire&nbsp;: FR 69 814363131<\/p>\n\n\n\n<p>Cr\u00e9dit textes et photos : Christophe Osmont et Gw\u00e9na\u00eblle&nbsp; Osmont<\/p>\n","protected":false},"excerpt":{"rendered":"<p>En vertu de l&rsquo;Article 6 de la loi n\u00b02004-575 du 21 juin 2004 pour la confiance dans l&rsquo;\u00e9conomie num\u00e9rique, il est pr\u00e9cis\u00e9 ci-dessous l&rsquo;identit\u00e9 des diff\u00e9rents intervenants dans le cadre de sa r\u00e9alisation et de son suivi. Le site www.vergerdefouisseul.com est \u00e9dit\u00e9 par la SARL Le Verger de Fouisseul Adresse si\u00e8ge social : Le Fouisseul [&hellip;]<\/p>\n","protected":false},"author":1,"featured_media":0,"parent":0,"menu_order":0,"comment_status":"closed","ping_status":"closed","template":"","meta":{"footnotes":""},"class_list":["post-1387","page","type-page","status-publish","czr-hentry"],"yoast_head":"<!-- This site is optimized with the Yoast SEO plugin v25.9 - https:\/\/yoast.com\/wordpress\/plugins\/seo\/ -->\n<title>Mentions l\u00e9gales - Le Verger de Fouisseul<\/title>\n<meta name=\"robots\" content=\"index, follow, max-snippet:-1, max-image-preview:large, max-video-preview:-1\" \/>\n<link rel=\"canonical\" href=\"https:\/\/www.vergerdefouisseul.com\/index.php\/mentions-legales\/\" \/>\n<meta property=\"og:locale\" content=\"fr_FR\" \/>\n<meta property=\"og:type\" content=\"article\" \/>\n<meta property=\"og:title\" content=\"Mentions l\u00e9gales - Le Verger de Fouisseul\" \/>\n<meta property=\"og:description\" content=\"En vertu de l&rsquo;Article 6 de la loi n\u00b02004-575 du 21 juin 2004 pour la confiance dans l&rsquo;\u00e9conomie num\u00e9rique, il est pr\u00e9cis\u00e9 ci-dessous l&rsquo;identit\u00e9 des diff\u00e9rents intervenants dans le cadre de sa r\u00e9alisation et de son suivi. Le site www.vergerdefouisseul.com est \u00e9dit\u00e9 par la SARL Le Verger de Fouisseul Adresse si\u00e8ge social : Le Fouisseul [&hellip;]\" \/>\n<meta property=\"og:url\" content=\"https:\/\/www.vergerdefouisseul.com\/index.php\/mentions-legales\/\" \/>\n<meta property=\"og:site_name\" content=\"Le Verger de Fouisseul\" \/>\n<meta property=\"article:publisher\" content=\"https:\/\/www.facebook.com\/vergerfouisseul\" \/>\n<meta property=\"article:modified_time\" content=\"2022-03-25T10:55:27+00:00\" \/>\n<meta name=\"twitter:card\" content=\"summary_large_image\" \/>\n<meta name=\"twitter:label1\" content=\"Dur\u00e9e de lecture estim\u00e9e\" \/>\n\t<meta name=\"twitter:data1\" content=\"1 minute\" \/>\n<script type=\"application\/ld+json\" class=\"yoast-schema-graph\">{\"@context\":\"https:\/\/schema.org\",\"@graph\":[{\"@type\":\"WebPage\",\"@id\":\"https:\/\/www.vergerdefouisseul.com\/index.php\/mentions-legales\/\",\"url\":\"https:\/\/www.vergerdefouisseul.com\/index.php\/mentions-legales\/\",\"name\":\"Mentions l\u00e9gales - Le Verger de Fouisseul\",\"isPartOf\":{\"@id\":\"https:\/\/www.vergerdefouisseul.com\/#website\"},\"datePublished\":\"2019-07-01T14:50:18+00:00\",\"dateModified\":\"2022-03-25T10:55:27+00:00\",\"breadcrumb\":{\"@id\":\"https:\/\/www.vergerdefouisseul.com\/index.php\/mentions-legales\/#breadcrumb\"},\"inLanguage\":\"fr-FR\",\"potentialAction\":[{\"@type\":\"ReadAction\",\"target\":[\"https:\/\/www.vergerdefouisseul.com\/index.php\/mentions-legales\/\"]}]},{\"@type\":\"BreadcrumbList\",\"@id\":\"https:\/\/www.vergerdefouisseul.com\/index.php\/mentions-legales\/#breadcrumb\",\"itemListElement\":[{\"@type\":\"ListItem\",\"position\":1,\"name\":\"Accueil\",\"item\":\"https:\/\/www.vergerdefouisseul.com\/\"},{\"@type\":\"ListItem\",\"position\":2,\"name\":\"Mentions l\u00e9gales\"}]},{\"@type\":\"WebSite\",\"@id\":\"https:\/\/www.vergerdefouisseul.com\/#website\",\"url\":\"https:\/\/www.vergerdefouisseul.com\/\",\"name\":\"Le Verger de Fouisseul\",\"description\":\"\",\"potentialAction\":[{\"@type\":\"SearchAction\",\"target\":{\"@type\":\"EntryPoint\",\"urlTemplate\":\"https:\/\/www.vergerdefouisseul.com\/?s={search_term_string}\"},\"query-input\":{\"@type\":\"PropertyValueSpecification\",\"valueRequired\":true,\"valueName\":\"search_term_string\"}}],\"inLanguage\":\"fr-FR\"}]}<\/script>\n<!-- \/ Yoast SEO plugin. -->","yoast_head_json":{"title":"Mentions l\u00e9gales - Le Verger de Fouisseul","robots":{"index":"index","follow":"follow","max-snippet":"max-snippet:-1","max-image-preview":"max-image-preview:large","max-video-preview":"max-video-preview:-1"},"canonical":"https:\/\/www.vergerdefouisseul.com\/index.php\/mentions-legales\/","og_locale":"fr_FR","og_type":"article","og_title":"Mentions l\u00e9gales - Le Verger de Fouisseul","og_description":"En vertu de l&rsquo;Article 6 de la loi n\u00b02004-575 du 21 juin 2004 pour la confiance dans l&rsquo;\u00e9conomie num\u00e9rique, il est pr\u00e9cis\u00e9 ci-dessous l&rsquo;identit\u00e9 des diff\u00e9rents intervenants dans le cadre de sa r\u00e9alisation et de son suivi. Le site www.vergerdefouisseul.com est \u00e9dit\u00e9 par la SARL Le Verger de Fouisseul Adresse si\u00e8ge social : Le Fouisseul [&hellip;]","og_url":"https:\/\/www.vergerdefouisseul.com\/index.php\/mentions-legales\/","og_site_name":"Le Verger de Fouisseul","article_publisher":"https:\/\/www.facebook.com\/vergerfouisseul","article_modified_time":"2022-03-25T10:55:27+00:00","twitter_card":"summary_large_image","twitter_misc":{"Dur\u00e9e de lecture estim\u00e9e":"1 minute"},"schema":{"@context":"https:\/\/schema.org","@graph":[{"@type":"WebPage","@id":"https:\/\/www.vergerdefouisseul.com\/index.php\/mentions-legales\/","url":"https:\/\/www.vergerdefouisseul.com\/index.php\/mentions-legales\/","name":"Mentions l\u00e9gales - Le Verger de Fouisseul","isPartOf":{"@id":"https:\/\/www.vergerdefouisseul.com\/#website"},"datePublished":"2019-07-01T14:50:18+00:00","dateModified":"2022-03-25T10:55:27+00:00","breadcrumb":{"@id":"https:\/\/www.vergerdefouisseul.com\/index.php\/mentions-legales\/#breadcrumb"},"inLanguage":"fr-FR","potentialAction":[{"@type":"ReadAction","target":["https:\/\/www.vergerdefouisseul.com\/index.php\/mentions-legales\/"]}]},{"@type":"BreadcrumbList","@id":"https:\/\/www.vergerdefouisseul.com\/index.php\/mentions-legales\/#breadcrumb","itemListElement":[{"@type":"ListItem","position":1,"name":"Accueil","item":"https:\/\/www.vergerdefouisseul.com\/"},{"@type":"ListItem","position":2,"name":"Mentions l\u00e9gales"}]},{"@type":"WebSite","@id":"https:\/\/www.vergerdefouisseul.com\/#website","url":"https:\/\/www.vergerdefouisseul.com\/","name":"Le Verger de Fouisseul","description":"","potentialAction":[{"@type":"SearchAction","target":{"@type":"EntryPoint","urlTemplate":"https:\/\/www.vergerdefouisseul.com\/?s={search_term_string}"},"query-input":{"@type":"PropertyValueSpecification","valueRequired":true,"valueName":"search_term_string"}}],"inLanguage":"fr-FR"}]}},"_links":{"self":[{"href":"https:\/\/www.vergerdefouisseul.com\/index.php\/wp-json\/wp\/v2\/pages\/1387","targetHints":{"allow":["GET"]}}],"collection":[{"href":"https:\/\/www.vergerdefouisseul.com\/index.php\/wp-json\/wp\/v2\/pages"}],"about":[{"href":"https:\/\/www.vergerdefouisseul.com\/index.php\/wp-json\/wp\/v2\/types\/page"}],"author":[{"embeddable":true,"href":"https:\/\/www.vergerdefouisseul.com\/index.php\/wp-json\/wp\/v2\/users\/1"}],"replies":[{"embeddable":true,"href":"https:\/\/www.vergerdefouisseul.com\/index.php\/wp-json\/wp\/v2\/comments?post=1387"}],"version-history":[{"count":3,"href":"https:\/\/www.vergerdefouisseul.com\/index.php\/wp-json\/wp\/v2\/pages\/1387\/revisions"}],"predecessor-version":[{"id":1964,"href":"https:\/\/www.vergerdefouisseul.com\/index.php\/wp-json\/wp\/v2\/pages\/1387\/revisions\/1964"}],"wp:attachment":[{"href":"https:\/\/www.vergerdefouisseul.com\/index.php\/wp-json\/wp\/v2\/media?parent=1387"}],"curies":[{"name":"wp","href":"https:\/\/api.w.org\/{rel}","templated":true}]}}