{"id":150,"date":"2015-11-17T16:07:30","date_gmt":"2015-11-17T15:07:30","guid":{"rendered":"https:\/\/vergerdefouisseul.wordpress.com\/?page_id=150"},"modified":"2022-02-21T10:26:29","modified_gmt":"2022-02-21T09:26:29","slug":"services_complementaires","status":"publish","type":"page","link":"https:\/\/www.vergerdefouisseul.com\/index.php\/services_complementaires\/","title":{"rendered":"Services Compl\u00e9mentaires"},"content":{"rendered":"<p>Afin de parfaire le s\u00e9jour de nos vacanciers au Verger de Fouisseul, nous vous proposons quelques services compl\u00e9mentaires dont voici le descriptif.<\/p>\n<p><b>Panier repas\u00a0 <\/b>comprenant\u00a0(en fonction des saisons) :<\/p>\n<p><img loading=\"lazy\" decoding=\"async\" class=\"aligncenter size-thumbnail wp-image-971\" src=\"https:\/\/www.vergerdefouisseul.com\/wp-content\/uploads\/2018\/01\/panier_repas-480x280.jpg\" alt=\"\" width=\"480\" height=\"280\" \/><\/p>\n<p>&#8211; 1 repas\u00a0\u00e0 r\u00e9chauffer : quiche \u00ab\u00a0maison\u00a0\u00bb ou soupe \u00ab\u00a0maison\u00a0\u00bb ou pr\u00e9paration pour galettes bretonnes jambon\/fromage ou gratin avec les l\u00e9gumes du potager (en fonction des saisons)<br \/>\n&#8211; 1 salade (laitue\u2026)<br \/>\n&#8211; 1 pain maison<br \/>\n&#8211; 1 bouteille de cidre bio<br \/>\n&#8211; desserts\u00a0: yaourts bio (producteur local) ou g\u00e2teau \u00ab\u00a0maison\u00a0\u00bb<\/p>\n<p>A commander minimum 2 jours avant votre arriv\u00e9e (possible en cours de s\u00e9jour)<br \/>\n<u>Prix par personne<\/u> : 10 euros<\/p>\n<p><b><br \/>\nPanier \u00ab\u00a0Petit D\u00e9jeuner\u00a0\u00bb<\/b> comprenant\u00a0:<\/p>\n<p>&#8211; Th\u00e9 ou\u00a0 caf\u00e9 ou lait<br \/>\n&#8211; Pain ou brioche maison<br \/>\n&#8211; Confiture maison, beurre<br \/>\n&#8211; yaourts bio<br \/>\n&#8211; jus de fruits (maison quand possible)<\/p>\n<p>A commander 2 jours avant et livr\u00e9 au g\u00eete la veille au soir<br \/>\n<u>Prix par personne<\/u> : 8 euros<\/p>\n<p><b>Panier maraicher Bio <\/b><b>local<\/b><br \/>\nen fonction des fruits et l\u00e9gumes de saison<br \/>\n\u00e0 commander 2 jours avant votre arriv\u00e9e pour qu\u2019il soit pr\u00eat le samedi<br \/>\nPrix : environ 22 euros en fonction des saisons<\/p>\n<p><b>Ventes de produits Maison <\/b>(en fonction des r\u00e9coltes et stocks disponibles)<br \/>\nTous nos fruits et l\u00e9gumes sont cultiv\u00e9s sans pesticides et avec amour !<\/p>\n<p><img loading=\"lazy\" decoding=\"async\" class=\"aligncenter wp-image-909 \" src=\"https:\/\/www.vergerdefouisseul.com\/wp-content\/uploads\/2015\/11\/confiture-632x1138.jpg\" alt=\"confiture maison\" width=\"179\" height=\"322\" srcset=\"https:\/\/www.vergerdefouisseul.com\/wp-content\/uploads\/2015\/11\/confiture-632x1138.jpg 632w, https:\/\/www.vergerdefouisseul.com\/wp-content\/uploads\/2015\/11\/confiture-768x1382.jpg 768w, https:\/\/www.vergerdefouisseul.com\/wp-content\/uploads\/2015\/11\/confiture.jpg 800w\" sizes=\"auto, (max-width: 179px) 100vw, 179px\" \/><\/p>\n<p><b>\u00a0<\/b><u>Confitures maison<\/u>: p\u00eache, abricot\/menthe, cassis, groseille, prunes\u00a0 \u2013<br \/>\n3,50\u20ac le pot<\/p>\n<p><u>Fruits du Verger <\/u>en fonction des saisons : Pommes, Poires, Prunes &#8211;\u00a0 3,50\u20ac\/kg<\/p>\n<p><u>L\u00e9gumes du potager <\/u>en fonction des saisons (exemples)\u00a0:<br \/>\n&#8211;\u00a0 Salade\u00a0: 1\u20ac pi\u00e8ce<br \/>\n&#8211;\u00a0 Tomates : 3\u20ac\/kg<br \/>\n&#8211;\u00a0 Potimarron : 4\u20ac\/pi\u00e8ce<br \/>\n&#8211;\u00a0 Courgettes : 2\u20ac pi\u00e8ce<\/p>\n<p><img loading=\"lazy\" decoding=\"async\" class=\"aligncenter wp-image-911 \" title=\"legumes potager\" src=\"https:\/\/www.vergerdefouisseul.com\/wp-content\/uploads\/2015\/11\/legumes_potager-632x632.jpg\" alt=\"legumes potager\" width=\"264\" height=\"264\" srcset=\"https:\/\/www.vergerdefouisseul.com\/wp-content\/uploads\/2015\/11\/legumes_potager-632x632.jpg 632w, https:\/\/www.vergerdefouisseul.com\/wp-content\/uploads\/2015\/11\/legumes_potager-768x768.jpg 768w, https:\/\/www.vergerdefouisseul.com\/wp-content\/uploads\/2015\/11\/legumes_potager.jpg 960w\" sizes=\"auto, (max-width: 264px) 100vw, 264px\" \/><\/p>\n<h6><em>Photos non contractuelles<\/em><\/h6>\n<p><span style=\"border-radius: 2px; text-indent: 20px; width: auto; padding: 0px 4px 0px 0px; text-align: center; font: bold 11px\/20px 'Helvetica Neue',Helvetica,sans-serif; color: #ffffff; background: #bd081c no-repeat scroll 3px 50% \/ 14px 14px; position: absolute; opacity: 1; z-index: 8675309; display: none; cursor: pointer; top: 888px; left: 251px;\">Enregistrer<\/span><\/p>\n<p><span style=\"border-radius: 2px; text-indent: 20px; width: auto; padding: 0px 4px 0px 0px; text-align: center; font: bold 11px\/20px 'Helvetica Neue',Helvetica,sans-serif; color: #ffffff; background: #bd081c no-repeat scroll 3px 50% \/ 14px 14px; position: absolute; opacity: 1; z-index: 8675309; display: none; cursor: pointer;\">Enregistrer<\/span><\/p>\n<p><span style=\"border-radius: 2px; text-indent: 20px; width: auto; padding: 0px 4px 0px 0px; text-align: center; font: bold 11px\/20px 'Helvetica Neue',Helvetica,sans-serif; color: #ffffff; background: #bd081c no-repeat scroll 3px 50% \/ 14px 14px; position: absolute; opacity: 1; z-index: 8675309; display: none; cursor: pointer; top: 204px; left: 100px;\">Enregistrer<\/span><\/p>\n<p><span style=\"border-radius: 2px; text-indent: 20px; width: auto; padding: 0px 4px 0px 0px; text-align: center; font: bold 11px\/20px 'Helvetica Neue',Helvetica,sans-serif; color: #ffffff; background: #bd081c no-repeat scroll 3px 50% \/ 14px 14px; position: absolute; opacity: 1; z-index: 8675309; display: none; cursor: pointer; top: 1910px; left: 208px;\">Enregistrer<\/span><\/p>\n<p><span style=\"border-radius: 2px; text-indent: 20px; width: auto; padding: 0px 4px 0px 0px; text-align: center; font: bold 11px\/20px 'Helvetica Neue',Helvetica,sans-serif; color: #ffffff; background: #bd081c no-repeat scroll 3px 50% \/ 14px 14px; position: absolute; opacity: 1; z-index: 8675309; display: none; cursor: pointer; top: 204px; left: 100px;\">Enregistrer<\/span><\/p>\n<p><span style=\"border-radius: 2px; text-indent: 20px; width: auto; padding: 0px 4px 0px 0px; text-align: center; font: bold 11px\/20px 'Helvetica Neue',Helvetica,sans-serif; color: #ffffff; background: #bd081c no-repeat scroll 3px 50% \/ 14px 14px; position: absolute; opacity: 1; z-index: 8675309; display: none; cursor: pointer; top: 1862px; left: 208px;\">Enregistrer<\/span><\/p>\n<p><span style=\"border-radius: 2px; text-indent: 20px; width: auto; padding: 0px 4px 0px 0px; text-align: center; font: bold 11px\/20px 'Helvetica Neue',Helvetica,sans-serif; color: #ffffff; background: #bd081c  no-repeat scroll 3px 50% \/ 14px 14px; position: absolute; opacity: 1; z-index: 8675311; display: none; cursor: pointer; top: 170px; left: 460px;\">Enregistrer<\/span><\/p>\n","protected":false},"excerpt":{"rendered":"<p>Afin de parfaire le s\u00e9jour de nos vacanciers au Verger de Fouisseul, nous vous proposons quelques services compl\u00e9mentaires dont voici le descriptif. Panier repas\u00a0 comprenant\u00a0(en fonction des saisons) : &#8211; 1 repas\u00a0\u00e0 r\u00e9chauffer : quiche \u00ab\u00a0maison\u00a0\u00bb ou soupe \u00ab\u00a0maison\u00a0\u00bb ou pr\u00e9paration pour galettes bretonnes jambon\/fromage ou gratin avec les l\u00e9gumes du potager (en fonction des [&hellip;]<\/p>\n","protected":false},"author":2,"featured_media":971,"parent":0,"menu_order":0,"comment_status":"closed","ping_status":"closed","template":"","meta":{"footnotes":""},"class_list":["post-150","page","type-page","status-publish","has-post-thumbnail","czr-hentry"],"yoast_head":"<!-- This site is optimized with the Yoast SEO plugin v25.9 - https:\/\/yoast.com\/wordpress\/plugins\/seo\/ -->\n<title>Services Compl\u00e9mentaires - Le Verger de Fouisseul<\/title>\n<meta name=\"description\" content=\"Afin de parfaire le s\u00e9jour de nos vacanciers, nous proposons quelques services compl\u00e9mentaires : paniers repas, l\u00e9gumes, fruits, confitures.\" \/>\n<meta name=\"robots\" content=\"index, follow, max-snippet:-1, max-image-preview:large, max-video-preview:-1\" \/>\n<link rel=\"canonical\" href=\"https:\/\/www.vergerdefouisseul.com\/index.php\/services_complementaires\/\" \/>\n<meta property=\"og:locale\" content=\"fr_FR\" \/>\n<meta property=\"og:type\" content=\"article\" \/>\n<meta property=\"og:title\" content=\"Services Compl\u00e9mentaires - Le Verger de Fouisseul\" \/>\n<meta property=\"og:description\" content=\"Afin de parfaire le s\u00e9jour de nos vacanciers, nous proposons quelques services compl\u00e9mentaires : paniers repas, l\u00e9gumes, fruits, confitures.\" \/>\n<meta property=\"og:url\" content=\"https:\/\/www.vergerdefouisseul.com\/index.php\/services_complementaires\/\" \/>\n<meta property=\"og:site_name\" content=\"Le Verger de Fouisseul\" \/>\n<meta property=\"article:publisher\" content=\"https:\/\/www.facebook.com\/vergerfouisseul\" \/>\n<meta property=\"article:modified_time\" content=\"2022-02-21T09:26:29+00:00\" \/>\n<meta property=\"og:image\" content=\"https:\/\/www.vergerdefouisseul.com\/wp-content\/uploads\/2018\/01\/panier_repas.jpg\" \/>\n\t<meta property=\"og:image:width\" content=\"1440\" \/>\n\t<meta property=\"og:image:height\" content=\"994\" \/>\n\t<meta property=\"og:image:type\" content=\"image\/jpeg\" \/>\n<meta name=\"twitter:card\" content=\"summary_large_image\" \/>\n<meta name=\"twitter:label1\" content=\"Dur\u00e9e de lecture estim\u00e9e\" \/>\n\t<meta name=\"twitter:data1\" content=\"2 minutes\" \/>\n<script type=\"application\/ld+json\" class=\"yoast-schema-graph\">{\"@context\":\"https:\/\/schema.org\",\"@graph\":[{\"@type\":\"WebPage\",\"@id\":\"https:\/\/www.vergerdefouisseul.com\/index.php\/services_complementaires\/\",\"url\":\"https:\/\/www.vergerdefouisseul.com\/index.php\/services_complementaires\/\",\"name\":\"Services Compl\u00e9mentaires - Le Verger de Fouisseul\",\"isPartOf\":{\"@id\":\"https:\/\/www.vergerdefouisseul.com\/#website\"},\"primaryImageOfPage\":{\"@id\":\"https:\/\/www.vergerdefouisseul.com\/index.php\/services_complementaires\/#primaryimage\"},\"image\":{\"@id\":\"https:\/\/www.vergerdefouisseul.com\/index.php\/services_complementaires\/#primaryimage\"},\"thumbnailUrl\":\"https:\/\/www.vergerdefouisseul.com\/wp-content\/uploads\/2018\/01\/panier_repas.jpg\",\"datePublished\":\"2015-11-17T15:07:30+00:00\",\"dateModified\":\"2022-02-21T09:26:29+00:00\",\"description\":\"Afin de parfaire le s\u00e9jour de nos vacanciers, nous proposons quelques services compl\u00e9mentaires : paniers repas, l\u00e9gumes, fruits, confitures.\",\"breadcrumb\":{\"@id\":\"https:\/\/www.vergerdefouisseul.com\/index.php\/services_complementaires\/#breadcrumb\"},\"inLanguage\":\"fr-FR\",\"potentialAction\":[{\"@type\":\"ReadAction\",\"target\":[\"https:\/\/www.vergerdefouisseul.com\/index.php\/services_complementaires\/\"]}]},{\"@type\":\"ImageObject\",\"inLanguage\":\"fr-FR\",\"@id\":\"https:\/\/www.vergerdefouisseul.com\/index.php\/services_complementaires\/#primaryimage\",\"url\":\"https:\/\/www.vergerdefouisseul.com\/wp-content\/uploads\/2018\/01\/panier_repas.jpg\",\"contentUrl\":\"https:\/\/www.vergerdefouisseul.com\/wp-content\/uploads\/2018\/01\/panier_repas.jpg\",\"width\":1440,\"height\":994},{\"@type\":\"BreadcrumbList\",\"@id\":\"https:\/\/www.vergerdefouisseul.com\/index.php\/services_complementaires\/#breadcrumb\",\"itemListElement\":[{\"@type\":\"ListItem\",\"position\":1,\"name\":\"Accueil\",\"item\":\"https:\/\/www.vergerdefouisseul.com\/\"},{\"@type\":\"ListItem\",\"position\":2,\"name\":\"Services Compl\u00e9mentaires\"}]},{\"@type\":\"WebSite\",\"@id\":\"https:\/\/www.vergerdefouisseul.com\/#website\",\"url\":\"https:\/\/www.vergerdefouisseul.com\/\",\"name\":\"Le Verger de Fouisseul\",\"description\":\"\",\"potentialAction\":[{\"@type\":\"SearchAction\",\"target\":{\"@type\":\"EntryPoint\",\"urlTemplate\":\"https:\/\/www.vergerdefouisseul.com\/?s={search_term_string}\"},\"query-input\":{\"@type\":\"PropertyValueSpecification\",\"valueRequired\":true,\"valueName\":\"search_term_string\"}}],\"inLanguage\":\"fr-FR\"}]}<\/script>\n<!-- \/ Yoast SEO plugin. -->","yoast_head_json":{"title":"Services Compl\u00e9mentaires - Le Verger de Fouisseul","description":"Afin de parfaire le s\u00e9jour de nos vacanciers, nous proposons quelques services compl\u00e9mentaires : paniers repas, l\u00e9gumes, fruits, confitures.","robots":{"index":"index","follow":"follow","max-snippet":"max-snippet:-1","max-image-preview":"max-image-preview:large","max-video-preview":"max-video-preview:-1"},"canonical":"https:\/\/www.vergerdefouisseul.com\/index.php\/services_complementaires\/","og_locale":"fr_FR","og_type":"article","og_title":"Services Compl\u00e9mentaires - Le Verger de Fouisseul","og_description":"Afin de parfaire le s\u00e9jour de nos vacanciers, nous proposons quelques services compl\u00e9mentaires : paniers repas, l\u00e9gumes, fruits, confitures.","og_url":"https:\/\/www.vergerdefouisseul.com\/index.php\/services_complementaires\/","og_site_name":"Le Verger de Fouisseul","article_publisher":"https:\/\/www.facebook.com\/vergerfouisseul","article_modified_time":"2022-02-21T09:26:29+00:00","og_image":[{"width":1440,"height":994,"url":"https:\/\/www.vergerdefouisseul.com\/wp-content\/uploads\/2018\/01\/panier_repas.jpg","type":"image\/jpeg"}],"twitter_card":"summary_large_image","twitter_misc":{"Dur\u00e9e de lecture estim\u00e9e":"2 minutes"},"schema":{"@context":"https:\/\/schema.org","@graph":[{"@type":"WebPage","@id":"https:\/\/www.vergerdefouisseul.com\/index.php\/services_complementaires\/","url":"https:\/\/www.vergerdefouisseul.com\/index.php\/services_complementaires\/","name":"Services Compl\u00e9mentaires - Le Verger de Fouisseul","isPartOf":{"@id":"https:\/\/www.vergerdefouisseul.com\/#website"},"primaryImageOfPage":{"@id":"https:\/\/www.vergerdefouisseul.com\/index.php\/services_complementaires\/#primaryimage"},"image":{"@id":"https:\/\/www.vergerdefouisseul.com\/index.php\/services_complementaires\/#primaryimage"},"thumbnailUrl":"https:\/\/www.vergerdefouisseul.com\/wp-content\/uploads\/2018\/01\/panier_repas.jpg","datePublished":"2015-11-17T15:07:30+00:00","dateModified":"2022-02-21T09:26:29+00:00","description":"Afin de parfaire le s\u00e9jour de nos vacanciers, nous proposons quelques services compl\u00e9mentaires : paniers repas, l\u00e9gumes, fruits, confitures.","breadcrumb":{"@id":"https:\/\/www.vergerdefouisseul.com\/index.php\/services_complementaires\/#breadcrumb"},"inLanguage":"fr-FR","potentialAction":[{"@type":"ReadAction","target":["https:\/\/www.vergerdefouisseul.com\/index.php\/services_complementaires\/"]}]},{"@type":"ImageObject","inLanguage":"fr-FR","@id":"https:\/\/www.vergerdefouisseul.com\/index.php\/services_complementaires\/#primaryimage","url":"https:\/\/www.vergerdefouisseul.com\/wp-content\/uploads\/2018\/01\/panier_repas.jpg","contentUrl":"https:\/\/www.vergerdefouisseul.com\/wp-content\/uploads\/2018\/01\/panier_repas.jpg","width":1440,"height":994},{"@type":"BreadcrumbList","@id":"https:\/\/www.vergerdefouisseul.com\/index.php\/services_complementaires\/#breadcrumb","itemListElement":[{"@type":"ListItem","position":1,"name":"Accueil","item":"https:\/\/www.vergerdefouisseul.com\/"},{"@type":"ListItem","position":2,"name":"Services Compl\u00e9mentaires"}]},{"@type":"WebSite","@id":"https:\/\/www.vergerdefouisseul.com\/#website","url":"https:\/\/www.vergerdefouisseul.com\/","name":"Le Verger de Fouisseul","description":"","potentialAction":[{"@type":"SearchAction","target":{"@type":"EntryPoint","urlTemplate":"https:\/\/www.vergerdefouisseul.com\/?s={search_term_string}"},"query-input":{"@type":"PropertyValueSpecification","valueRequired":true,"valueName":"search_term_string"}}],"inLanguage":"fr-FR"}]}},"_links":{"self":[{"href":"https:\/\/www.vergerdefouisseul.com\/index.php\/wp-json\/wp\/v2\/pages\/150","targetHints":{"allow":["GET"]}}],"collection":[{"href":"https:\/\/www.vergerdefouisseul.com\/index.php\/wp-json\/wp\/v2\/pages"}],"about":[{"href":"https:\/\/www.vergerdefouisseul.com\/index.php\/wp-json\/wp\/v2\/types\/page"}],"author":[{"embeddable":true,"href":"https:\/\/www.vergerdefouisseul.com\/index.php\/wp-json\/wp\/v2\/users\/2"}],"replies":[{"embeddable":true,"href":"https:\/\/www.vergerdefouisseul.com\/index.php\/wp-json\/wp\/v2\/comments?post=150"}],"version-history":[{"count":13,"href":"https:\/\/www.vergerdefouisseul.com\/index.php\/wp-json\/wp\/v2\/pages\/150\/revisions"}],"predecessor-version":[{"id":2002,"href":"https:\/\/www.vergerdefouisseul.com\/index.php\/wp-json\/wp\/v2\/pages\/150\/revisions\/2002"}],"wp:featuredmedia":[{"embeddable":true,"href":"https:\/\/www.vergerdefouisseul.com\/index.php\/wp-json\/wp\/v2\/media\/971"}],"wp:attachment":[{"href":"https:\/\/www.vergerdefouisseul.com\/index.php\/wp-json\/wp\/v2\/media?parent=150"}],"curies":[{"name":"wp","href":"https:\/\/api.w.org\/{rel}","templated":true}]}}