{"id":5,"date":"2015-07-24T12:06:07","date_gmt":"2015-07-24T12:06:07","guid":{"rendered":"http:\/\/vergerdefouisseul.wordpress.com\/?page_id=1"},"modified":"2023-07-12T11:44:28","modified_gmt":"2023-07-12T09:44:28","slug":"a-propos","status":"publish","type":"page","link":"https:\/\/www.vergerdefouisseul.com\/","title":{"rendered":"Bienvenue"},"content":{"rendered":"<p>Le Verger de Fouisseul est un ancien corps de ferme en bauge au nord de Rennes (Bretagne). Le domaine s&rsquo;\u00e9tend sur 1,2 hectare entour\u00e9 de champs de bl\u00e9 et de haies de ch\u00eanes, dans un environnement calme et reposant.<\/p>\n<p>Une fois notre petite famille install\u00e9e dans la belle long\u00e8re, nous avons r\u00e9nov\u00e9, en\u00a0 2016, la grange attenante datant de 1927 pour y\u00a0 am\u00e9nager deux g\u00eetes labellis\u00e9s 4 \u00e9pis G\u00eetes de France (4 et 6 personnes).<\/p>\n<p>Les deux logements, mitoyens, peuvent \u00e9galement correspondre pour un accueil familial optimis\u00e9 jusqu&rsquo;\u00e0 10 personnes (capacit\u00e9 maximale autoris\u00e9e).<br \/>Cependant, Le Verger de Fouisseul ne dispose pas de salle de r\u00e9ception.<\/p>\n<p>Le vaste jardin, face aux g\u00eetes, b\u00e9n\u00e9ficie de jeux ext\u00e9rieurs\u00a0 (trampoline, filet de badminton&#8230;) ce qui fera le bonheur de vos enfants qui pourront d\u00e9ployer leur \u00e9nergie, sous votre surveillance.<\/p>\n<p>Nous partageons notre piscine couverte et chauff\u00e9e avec nos vacanciers d\u2019avril \u00e0 fin octobre (Horaires d\u2019ouverture: 10h- 19h).<\/p>\n<p>Nous sommes ouvert toute l&rsquo;ann\u00e9e et les locations sont possibles \u00e0 partir de 2 nuits.<\/p>\n<p>Nous serons heureux de vous accueillir et de partager avec vous le calme et la s\u00e9r\u00e9nit\u00e9 du Verger de Fouisseul !<br \/>Gw\u00e9na\u00eblle &amp; Christophe<\/p>\n<p>\u00a0<\/p>\n<p>\u00a0<\/p>\n\n\n<h3 class=\"wp-block-heading\"><strong>Disponibilit\u00e9s des g\u00eetes :<\/strong><\/h3>\n\n\n\n<p>Le g\u00eete Comtesse de Paris sera ferm\u00e9 pour 6 semaines \u00e0 compter du 16 septembre 2023 afin de r\u00e9aliser des travaux de r\u00e9paration d&rsquo;un des murs en terre. <br>Le g\u00eete Reine des Reinettes sera cependant ouvert \u00e0 la location.<br>Merci de votre compr\u00e9hension<\/p>\n\n\n\n<div class=\"wp-block-columns is-layout-flex wp-container-core-columns-is-layout-9d6595d7 wp-block-columns-is-layout-flex\">\n<div class=\"wp-block-column is-layout-flow wp-block-column-is-layout-flow\">\n<p class=\"has-text-align-center\">Comtesse de Paris<br> (4 pers &#8211; 2 chambres)<\/p>\n\n\n\n<iframe loading=\"lazy\" style=\"overflow:auto;-webkit-overflow-scrolling:touch;border:none;\" src=\"https:\/\/widget.itea.fr\/widget.php?key=215sdfe64&amp;numGite=35G140111&amp;widget-itea=dispo\" width=\"100%\" height=\"500\"><\/iframe>\n<\/div>\n\n\n\n<div class=\"wp-block-column is-layout-flow wp-block-column-is-layout-flow\">\n<p class=\"has-text-align-center\">Reine des Reinettes<br>(6 pers &#8211; 3 chambres) <\/p>\n\n\n\n<iframe loading=\"lazy\" style=\"overflow:auto;-webkit-overflow-scrolling:touch;border:none;\" src=\"https:\/\/widget.itea.fr\/widget.php?key=215sdfe64&amp;numGite=35G140112&amp;widget-itea=dispo\" width=\"100%\" height=\"500\"><\/iframe>\n<\/div>\n\n\n\n<div class=\"wp-block-column is-layout-flow wp-block-column-is-layout-flow\">\n<p class=\"has-text-align-center\">Le Verger de Fouisseul <br>(10 pers &#8211; 5 chambres) <\/p>\n\n\n\n<iframe loading=\"lazy\" style=\"overflow:auto;-webkit-overflow-scrolling:touch;border:none;\" src=\"https:\/\/widget.itea.fr\/widget.php?key=215sdfe64&amp;numGite=35G14011&amp;widget-itea=dispo\" width=\"100%\" height=\"500\"><\/iframe>\n<\/div>\n<\/div>\n\n\n\n<h3 class=\"wp-block-heading\">Avis Clients<\/h3>\n\n\n\n<figure class=\"wp-block-image size-large\"><img loading=\"lazy\" decoding=\"async\" width=\"197\" height=\"41\" src=\"https:\/\/www.vergerdefouisseul.com\/wp-content\/uploads\/2020\/11\/etoiles-e1604567571489.png\" alt=\"\u00e9toiles avis clients\" class=\"wp-image-1837\"\/><\/figure>\n\n\n\n<div class=\"wp-block-columns is-layout-flex wp-container-core-columns-is-layout-9d6595d7 wp-block-columns-is-layout-flex\">\n<div class=\"wp-block-column is-layout-flow wp-block-column-is-layout-flow\">\n<figure class=\"wp-block-image size-large is-resized\"><img loading=\"lazy\" decoding=\"async\" src=\"https:\/\/www.vergerdefouisseul.com\/wp-content\/uploads\/2020\/12\/03_Logo_GITES-DE-FRANCE_100x100mm_3-Couleurs_Quadri-1020x1019.jpg\" alt=\"logo gites de france\" class=\"wp-image-1869\" width=\"175\" height=\"174\"\/><\/figure>\n<\/div>\n\n\n\n<div class=\"wp-block-column is-layout-flow wp-block-column-is-layout-flow\">\n<figure class=\"wp-block-image size-full is-resized\"><img loading=\"lazy\" decoding=\"async\" src=\"https:\/\/www.vergerdefouisseul.com\/wp-content\/uploads\/2022\/03\/trophe\u0301es-clients-2021.jpg\" alt=\"\" class=\"wp-image-2090\" width=\"147\" height=\"147\"\/><figcaption class=\"wp-element-caption\">Notre G\u00eete Comtesse de Paris <br>a \u00e9t\u00e9 r\u00e9compens\u00e9<br>aux Troph\u00e9es Clients 2021 !<\/figcaption><\/figure>\n<\/div>\n<\/div>\n\n\n\n<p>Nos G\u00eetes sont not\u00e9s <strong>4,8\/5<\/strong> et <strong>4,9\/5<\/strong> sur la plate-forme Gites de France, un extrait ci-dessous.<br>Un grand merci \u00e0 tous nos vacanciers pour leur confiance et leur gentillesse !<br>Retrouvez l&rsquo;ensemble de nos avis clients, petits messages sur notre page <a href=\"https:\/\/www.vergerdefouisseul.com\/index.php\/livre-dor\/\" target=\"_blank\" rel=\"noreferrer noopener\" title=\"Livre d'Or\">Livre d&rsquo;or<\/a>.<\/p>\n\n\n\n<iframe loading=\"lazy\" style=\"overflow:auto;-webkit-overflow-scrolling:touch;border:none;\" src=\"https:\/\/widget.itea.fr\/widget.php?key=215sdfe64&amp;numGite=35G140111&amp;widget-itea=avis\" width=\"100%\" height=\"500\"><\/iframe>\n\n\n\n<p><\/p>\n","protected":false},"excerpt":{"rendered":"<p>Le Verger de Fouisseul est un ancien corps de ferme en bauge au nord de Rennes (Bretagne). Le domaine s&rsquo;\u00e9tend sur 1,2 hectare entour\u00e9 de champs de bl\u00e9 et de haies de ch\u00eanes, dans un environnement calme et reposant. Une fois notre petite famille install\u00e9e dans la belle long\u00e8re, nous avons r\u00e9nov\u00e9, en\u00a0 2016, la [&hellip;]<\/p>\n","protected":false},"author":2,"featured_media":1119,"parent":0,"menu_order":0,"comment_status":"closed","ping_status":"closed","template":"","meta":{"footnotes":""},"class_list":["post-5","page","type-page","status-publish","has-post-thumbnail","czr-hentry"],"yoast_head":"<!-- This site is optimized with the Yoast SEO plugin v25.9 - https:\/\/yoast.com\/wordpress\/plugins\/seo\/ -->\n<title>Bienvenue - G\u00eetes Le Verger de Fouisseul<\/title>\n<meta name=\"description\" content=\"Deux gites 4 \u00e9pis avec piscine couverte et chauff\u00e9e, sur la route historique du Mont Saint Michel, \u00e0 quelques kilom\u00e8tres au Nord de Rennes.\" \/>\n<meta name=\"robots\" content=\"index, follow, max-snippet:-1, max-image-preview:large, max-video-preview:-1\" \/>\n<link rel=\"canonical\" href=\"https:\/\/www.vergerdefouisseul.com\/\" \/>\n<meta property=\"og:locale\" content=\"fr_FR\" \/>\n<meta property=\"og:type\" content=\"article\" \/>\n<meta property=\"og:title\" content=\"Bienvenue - G\u00eetes Le Verger de Fouisseul\" \/>\n<meta property=\"og:description\" content=\"Deux gites 4 \u00e9pis avec piscine couverte et chauff\u00e9e, sur la route historique du Mont Saint Michel, \u00e0 quelques kilom\u00e8tres au Nord de Rennes.\" \/>\n<meta property=\"og:url\" content=\"https:\/\/www.vergerdefouisseul.com\/\" \/>\n<meta property=\"og:site_name\" content=\"Le Verger de Fouisseul\" \/>\n<meta property=\"article:publisher\" content=\"https:\/\/www.facebook.com\/vergerfouisseul\" \/>\n<meta property=\"article:modified_time\" content=\"2023-07-12T09:44:28+00:00\" \/>\n<meta property=\"og:image\" content=\"https:\/\/www.vergerdefouisseul.com\/wp-content\/uploads\/2019\/01\/19082018-Le-Verger-de-Fouisseul-12.jpg\" \/>\n\t<meta property=\"og:image:width\" content=\"4928\" \/>\n\t<meta property=\"og:image:height\" content=\"3264\" \/>\n\t<meta property=\"og:image:type\" content=\"image\/jpeg\" \/>\n<meta name=\"twitter:card\" content=\"summary_large_image\" \/>\n<meta name=\"twitter:label1\" content=\"Dur\u00e9e de lecture estim\u00e9e\" \/>\n\t<meta name=\"twitter:data1\" content=\"3 minutes\" \/>\n<script type=\"application\/ld+json\" class=\"yoast-schema-graph\">{\"@context\":\"https:\/\/schema.org\",\"@graph\":[{\"@type\":\"WebPage\",\"@id\":\"https:\/\/www.vergerdefouisseul.com\/\",\"url\":\"https:\/\/www.vergerdefouisseul.com\/\",\"name\":\"Bienvenue - G\u00eetes Le Verger de Fouisseul\",\"isPartOf\":{\"@id\":\"https:\/\/www.vergerdefouisseul.com\/#website\"},\"primaryImageOfPage\":{\"@id\":\"https:\/\/www.vergerdefouisseul.com\/#primaryimage\"},\"image\":{\"@id\":\"https:\/\/www.vergerdefouisseul.com\/#primaryimage\"},\"thumbnailUrl\":\"https:\/\/www.vergerdefouisseul.com\/wp-content\/uploads\/2019\/01\/19082018-Le-Verger-de-Fouisseul-12.jpg\",\"datePublished\":\"2015-07-24T12:06:07+00:00\",\"dateModified\":\"2023-07-12T09:44:28+00:00\",\"description\":\"Deux gites 4 \u00e9pis avec piscine couverte et chauff\u00e9e, sur la route historique du Mont Saint Michel, \u00e0 quelques kilom\u00e8tres au Nord de Rennes.\",\"breadcrumb\":{\"@id\":\"https:\/\/www.vergerdefouisseul.com\/#breadcrumb\"},\"inLanguage\":\"fr-FR\",\"potentialAction\":[{\"@type\":\"ReadAction\",\"target\":[\"https:\/\/www.vergerdefouisseul.com\/\"]}]},{\"@type\":\"ImageObject\",\"inLanguage\":\"fr-FR\",\"@id\":\"https:\/\/www.vergerdefouisseul.com\/#primaryimage\",\"url\":\"https:\/\/www.vergerdefouisseul.com\/wp-content\/uploads\/2019\/01\/19082018-Le-Verger-de-Fouisseul-12.jpg\",\"contentUrl\":\"https:\/\/www.vergerdefouisseul.com\/wp-content\/uploads\/2019\/01\/19082018-Le-Verger-de-Fouisseul-12.jpg\",\"width\":4928,\"height\":3264},{\"@type\":\"BreadcrumbList\",\"@id\":\"https:\/\/www.vergerdefouisseul.com\/#breadcrumb\",\"itemListElement\":[{\"@type\":\"ListItem\",\"position\":1,\"name\":\"Accueil\",\"item\":\"https:\/\/www.vergerdefouisseul.com\/\"},{\"@type\":\"ListItem\",\"position\":2,\"name\":\"Bienvenue\"}]},{\"@type\":\"WebSite\",\"@id\":\"https:\/\/www.vergerdefouisseul.com\/#website\",\"url\":\"https:\/\/www.vergerdefouisseul.com\/\",\"name\":\"Le Verger de Fouisseul\",\"description\":\"\",\"potentialAction\":[{\"@type\":\"SearchAction\",\"target\":{\"@type\":\"EntryPoint\",\"urlTemplate\":\"https:\/\/www.vergerdefouisseul.com\/?s={search_term_string}\"},\"query-input\":{\"@type\":\"PropertyValueSpecification\",\"valueRequired\":true,\"valueName\":\"search_term_string\"}}],\"inLanguage\":\"fr-FR\"}]}<\/script>\n<!-- \/ Yoast SEO plugin. -->","yoast_head_json":{"title":"Bienvenue - G\u00eetes Le Verger de Fouisseul","description":"Deux gites 4 \u00e9pis avec piscine couverte et chauff\u00e9e, sur la route historique du Mont Saint Michel, \u00e0 quelques kilom\u00e8tres au Nord de Rennes.","robots":{"index":"index","follow":"follow","max-snippet":"max-snippet:-1","max-image-preview":"max-image-preview:large","max-video-preview":"max-video-preview:-1"},"canonical":"https:\/\/www.vergerdefouisseul.com\/","og_locale":"fr_FR","og_type":"article","og_title":"Bienvenue - G\u00eetes Le Verger de Fouisseul","og_description":"Deux gites 4 \u00e9pis avec piscine couverte et chauff\u00e9e, sur la route historique du Mont Saint Michel, \u00e0 quelques kilom\u00e8tres au Nord de Rennes.","og_url":"https:\/\/www.vergerdefouisseul.com\/","og_site_name":"Le Verger de Fouisseul","article_publisher":"https:\/\/www.facebook.com\/vergerfouisseul","article_modified_time":"2023-07-12T09:44:28+00:00","og_image":[{"width":4928,"height":3264,"url":"https:\/\/www.vergerdefouisseul.com\/wp-content\/uploads\/2019\/01\/19082018-Le-Verger-de-Fouisseul-12.jpg","type":"image\/jpeg"}],"twitter_card":"summary_large_image","twitter_misc":{"Dur\u00e9e de lecture estim\u00e9e":"3 minutes"},"schema":{"@context":"https:\/\/schema.org","@graph":[{"@type":"WebPage","@id":"https:\/\/www.vergerdefouisseul.com\/","url":"https:\/\/www.vergerdefouisseul.com\/","name":"Bienvenue - G\u00eetes Le Verger de Fouisseul","isPartOf":{"@id":"https:\/\/www.vergerdefouisseul.com\/#website"},"primaryImageOfPage":{"@id":"https:\/\/www.vergerdefouisseul.com\/#primaryimage"},"image":{"@id":"https:\/\/www.vergerdefouisseul.com\/#primaryimage"},"thumbnailUrl":"https:\/\/www.vergerdefouisseul.com\/wp-content\/uploads\/2019\/01\/19082018-Le-Verger-de-Fouisseul-12.jpg","datePublished":"2015-07-24T12:06:07+00:00","dateModified":"2023-07-12T09:44:28+00:00","description":"Deux gites 4 \u00e9pis avec piscine couverte et chauff\u00e9e, sur la route historique du Mont Saint Michel, \u00e0 quelques kilom\u00e8tres au Nord de Rennes.","breadcrumb":{"@id":"https:\/\/www.vergerdefouisseul.com\/#breadcrumb"},"inLanguage":"fr-FR","potentialAction":[{"@type":"ReadAction","target":["https:\/\/www.vergerdefouisseul.com\/"]}]},{"@type":"ImageObject","inLanguage":"fr-FR","@id":"https:\/\/www.vergerdefouisseul.com\/#primaryimage","url":"https:\/\/www.vergerdefouisseul.com\/wp-content\/uploads\/2019\/01\/19082018-Le-Verger-de-Fouisseul-12.jpg","contentUrl":"https:\/\/www.vergerdefouisseul.com\/wp-content\/uploads\/2019\/01\/19082018-Le-Verger-de-Fouisseul-12.jpg","width":4928,"height":3264},{"@type":"BreadcrumbList","@id":"https:\/\/www.vergerdefouisseul.com\/#breadcrumb","itemListElement":[{"@type":"ListItem","position":1,"name":"Accueil","item":"https:\/\/www.vergerdefouisseul.com\/"},{"@type":"ListItem","position":2,"name":"Bienvenue"}]},{"@type":"WebSite","@id":"https:\/\/www.vergerdefouisseul.com\/#website","url":"https:\/\/www.vergerdefouisseul.com\/","name":"Le Verger de Fouisseul","description":"","potentialAction":[{"@type":"SearchAction","target":{"@type":"EntryPoint","urlTemplate":"https:\/\/www.vergerdefouisseul.com\/?s={search_term_string}"},"query-input":{"@type":"PropertyValueSpecification","valueRequired":true,"valueName":"search_term_string"}}],"inLanguage":"fr-FR"}]}},"_links":{"self":[{"href":"https:\/\/www.vergerdefouisseul.com\/index.php\/wp-json\/wp\/v2\/pages\/5","targetHints":{"allow":["GET"]}}],"collection":[{"href":"https:\/\/www.vergerdefouisseul.com\/index.php\/wp-json\/wp\/v2\/pages"}],"about":[{"href":"https:\/\/www.vergerdefouisseul.com\/index.php\/wp-json\/wp\/v2\/types\/page"}],"author":[{"embeddable":true,"href":"https:\/\/www.vergerdefouisseul.com\/index.php\/wp-json\/wp\/v2\/users\/2"}],"replies":[{"embeddable":true,"href":"https:\/\/www.vergerdefouisseul.com\/index.php\/wp-json\/wp\/v2\/comments?post=5"}],"version-history":[{"count":218,"href":"https:\/\/www.vergerdefouisseul.com\/index.php\/wp-json\/wp\/v2\/pages\/5\/revisions"}],"predecessor-version":[{"id":2149,"href":"https:\/\/www.vergerdefouisseul.com\/index.php\/wp-json\/wp\/v2\/pages\/5\/revisions\/2149"}],"wp:featuredmedia":[{"embeddable":true,"href":"https:\/\/www.vergerdefouisseul.com\/index.php\/wp-json\/wp\/v2\/media\/1119"}],"wp:attachment":[{"href":"https:\/\/www.vergerdefouisseul.com\/index.php\/wp-json\/wp\/v2\/media?parent=5"}],"curies":[{"name":"wp","href":"https:\/\/api.w.org\/{rel}","templated":true}]}}