{"id":61,"date":"2015-09-24T11:00:56","date_gmt":"2015-09-24T10:00:56","guid":{"rendered":"https:\/\/vergerdefouisseul.wordpress.com\/?page_id=61"},"modified":"2021-12-15T11:24:30","modified_gmt":"2021-12-15T10:24:30","slug":"contact","status":"publish","type":"page","link":"https:\/\/www.vergerdefouisseul.com\/index.php\/contact\/","title":{"rendered":"Contact et acc\u00e8s"},"content":{"rendered":"\n<p class=\"font_8\">Pour tout renseignement ou r\u00e9servation n&rsquo;h\u00e9sitez pas \u00e0 nous contacter.<\/p>\n\n\n\n<div class=\"wp-block-columns is-layout-flex wp-container-core-columns-is-layout-9d6595d7 wp-block-columns-is-layout-flex\">\n<div class=\"wp-block-column is-layout-flow wp-block-column-is-layout-flow\" style=\"flex-basis:100%\">\n<div class=\"wp-block-columns is-layout-flex wp-container-core-columns-is-layout-9d6595d7 wp-block-columns-is-layout-flex\">\n<div class=\"wp-block-column is-layout-flow wp-block-column-is-layout-flow\">\n<figure class=\"wp-block-image size-thumbnail is-resized is-style-rounded\"><img loading=\"lazy\" decoding=\"async\" src=\"https:\/\/www.vergerdefouisseul.com\/wp-content\/uploads\/2021\/12\/IMG_94401-480x280.jpg\" alt=\"Gwenaelle et christophe\" class=\"wp-image-1996\" width=\"313\" height=\"182\"\/><\/figure>\n<\/div>\n\n\n\n<div class=\"wp-block-column is-layout-flow wp-block-column-is-layout-flow\">\n<p><\/p>\n\n\n\n<p><strong>Le Verger de Fouisseul<\/strong><br><br>Gw\u00e9na\u00eblle et Christophe OSMONT<br>Le Fouisseul<br>35250 St Germain sur Ille, France<br>e-mail : verger.fouisseul@gmail.com<br>T\u00e9l :\u00a0 +33 (0)6 77 61 26 73 \/ +33 (0)6 72 73 11 31 <\/p>\n<\/div>\n<\/div>\n<\/div>\n<\/div>\n\n\n\n<p><\/p>\n\n\n\n<p class=\"font_7\"><strong>Ou bien laissez nous un message :<\/strong><\/p>\n\n\n\n<div class=\"wp-block-contact-form-7-contact-form-selector\">\n<div class=\"wpcf7 no-js\" id=\"wpcf7-f209-o1\" lang=\"fr-FR\" dir=\"ltr\" data-wpcf7-id=\"209\">\n<div class=\"screen-reader-response\"><p role=\"status\" aria-live=\"polite\" aria-atomic=\"true\"><\/p> <ul><\/ul><\/div>\n<form action=\"\/index.php\/wp-json\/wp\/v2\/pages\/61#wpcf7-f209-o1\" method=\"post\" class=\"wpcf7-form init\" aria-label=\"Formulaire de contact\" novalidate=\"novalidate\" data-status=\"init\">\n<fieldset class=\"hidden-fields-container\"><input type=\"hidden\" name=\"_wpcf7\" value=\"209\" \/><input type=\"hidden\" name=\"_wpcf7_version\" value=\"6.1.5\" \/><input type=\"hidden\" name=\"_wpcf7_locale\" value=\"fr_FR\" \/><input type=\"hidden\" name=\"_wpcf7_unit_tag\" value=\"wpcf7-f209-o1\" \/><input type=\"hidden\" name=\"_wpcf7_container_post\" value=\"0\" \/><input type=\"hidden\" name=\"_wpcf7_posted_data_hash\" value=\"\" \/>\n<\/fieldset>\n<p>Votre nom (obligatoire)\n<\/p>\n<p><span class=\"wpcf7-form-control-wrap\" data-name=\"your-name\"><input size=\"40\" maxlength=\"400\" class=\"wpcf7-form-control wpcf7-text wpcf7-validates-as-required\" aria-required=\"true\" aria-invalid=\"false\" value=\"\" type=\"text\" name=\"your-name\" \/><\/span>\n<\/p>\n<p>Votre email (obligatoire)\n<\/p>\n<p><span class=\"wpcf7-form-control-wrap\" data-name=\"your-email\"><input size=\"40\" maxlength=\"400\" class=\"wpcf7-form-control wpcf7-email wpcf7-validates-as-required wpcf7-text wpcf7-validates-as-email\" aria-required=\"true\" aria-invalid=\"false\" value=\"\" type=\"email\" name=\"your-email\" \/><\/span>\n<\/p>\n<p>Sujet\n<\/p>\n<p><span class=\"wpcf7-form-control-wrap\" data-name=\"your-subject\"><input size=\"40\" maxlength=\"400\" class=\"wpcf7-form-control wpcf7-text\" aria-invalid=\"false\" value=\"\" type=\"text\" name=\"your-subject\" \/><\/span>\n<\/p>\n<p>Votre message\n<\/p>\n<p><span class=\"wpcf7-form-control-wrap\" data-name=\"your-message\"><textarea cols=\"40\" rows=\"10\" maxlength=\"2000\" class=\"wpcf7-form-control wpcf7-textarea\" aria-invalid=\"false\" name=\"your-message\"><\/textarea><\/span>\n<\/p>\n<p><span id=\"wpcf7-69f5d72c55a8e-wrapper\" class=\"wpcf7-form-control-wrap honeypot-630-wrap\" style=\"display:none !important; visibility:hidden !important;\"><label for=\"wpcf7-69f5d72c55a8e-field\" class=\"hp-message\">Veuillez laisser ce champ vide.<\/label><input id=\"wpcf7-69f5d72c55a8e-field\"  class=\"wpcf7-form-control wpcf7-text\" type=\"text\" name=\"honeypot-630\" value=\"\" size=\"40\" tabindex=\"-1\" autocomplete=\"new-password\" \/><\/span>\n<\/p>\n<p><input class=\"wpcf7-form-control wpcf7-submit has-spinner\" type=\"submit\" value=\"Envoyer\" \/>\n<\/p><p style=\"display: none !important;\" class=\"akismet-fields-container\" data-prefix=\"_wpcf7_ak_\"><label>&#916;<textarea name=\"_wpcf7_ak_hp_textarea\" cols=\"45\" rows=\"8\" maxlength=\"100\"><\/textarea><\/label><input type=\"hidden\" id=\"ak_js_1\" name=\"_wpcf7_ak_js\" value=\"86\"\/><script type=\"text\/javascript\">\n\/* <![CDATA[ *\/\ndocument.getElementById( \"ak_js_1\" ).setAttribute( \"value\", ( new Date() ).getTime() );\n\/* ]]> *\/\n<\/script>\n<\/p><div class=\"wpcf7-response-output\" aria-hidden=\"true\"><\/div>\n<\/form>\n<\/div>\n<\/div>\n\n\n\n<p><strong>Pour acc\u00e9der au Verger de Fouisseul et ses gites:<\/strong><\/p>\n\n\n\n<p>Nous sommes situ\u00e9s \u00e0 2 km du centre ville de Saint Aubin d&rsquo;Aubign\u00e9 et de tous les commerces de proximit\u00e9, derri\u00e8re le poney club de la Touche Bouilly en direction de Saint Germain sur Ille.<\/p>\n\n\n\n<div class=\"wp-block-image\"><figure class=\"aligncenter\"><img loading=\"lazy\" decoding=\"async\" width=\"480\" height=\"280\" src=\"https:\/\/www.vergerdefouisseul.com\/wp-content\/uploads\/2016\/01\/17039032_1331665836915804_444550000851184118_o-480x280.jpg\" alt=\"\" class=\"wp-image-759\"\/><\/figure><\/div>\n\n\n\n<p>Sur Google Maps, vous n&rsquo;avez qu&rsquo;\u00e0 rechercher \u00ab\u00a0Le Verger de Fouisseul\u00a0\u00bb<strong><br><\/strong><a href=\"https:\/\/www.google.fr\/maps\/place\/Le+Verger+de+Fouisseul,+35250+St+Germain+sur+ille\/@48.2554075,-1.6265853,15z\/data=!4m2!3m1!1s0x480ec36d5dbfa7cd:0xdaaaf024e4147111\" target=\"_blank\" rel=\"noopener noreferrer\"><img loading=\"lazy\" decoding=\"async\" class=\"alignnone wp-image-109 size-large\" title=\"google maps verger de fouisseul\" src=\"https:\/\/www.vergerdefouisseul.com\/wp-content\/uploads\/2015\/11\/google-maps-1024x659.png\" alt=\"google maps\" width=\"640\" height=\"412\" srcset=\"https:\/\/www.vergerdefouisseul.com\/wp-content\/uploads\/2015\/11\/google-maps-1024x659.png 1024w, https:\/\/www.vergerdefouisseul.com\/wp-content\/uploads\/2015\/11\/google-maps-300x193.png 300w, https:\/\/www.vergerdefouisseul.com\/wp-content\/uploads\/2015\/11\/google-maps-768x494.png 768w, https:\/\/www.vergerdefouisseul.com\/wp-content\/uploads\/2015\/11\/google-maps-1200x772.png 1200w, https:\/\/www.vergerdefouisseul.com\/wp-content\/uploads\/2015\/11\/google-maps.png 1217w\" sizes=\"auto, (max-width: 640px) 100vw, 640px\" \/><\/a><\/p>\n\n\n\n<p class=\"font_7\"><strong>En arrivant de Rennes<\/strong>,<\/p>\n\n\n\n<p class=\"font_7\">Sur la rocade, prendre la sortie n\u00b015 direction St Aubin d&rsquo;Aubign\u00e9, Betton, Cesson Nord, Beaulieu.<\/p>\n\n\n\n<p class=\"font_7\">Suivre la route D175 jusqu&rsquo;\u00e0 la sortie St Aubin d&rsquo;Aubign\u00e9, prendre \u00e0 gauche apr\u00e8s la sortie, direction St Aubin d&rsquo;Aubign\u00e9.<br>En arrivant \u00e0 Saint Aubin d&rsquo;Aubign\u00e9,&nbsp; prendre la route de St M\u00e9dard sur Ille (route D106), continuer sur 2 km, puis tourner \u00e0 gauche vers&nbsp; la Touche Bouilly, vous passerez devant le poney Club, faire encore 700m, puis tourner \u00e0 droite.<\/p>\n\n\n\n<p class=\"font_7\">Prendre la premi\u00e8re route sur votre gauche, devant deux maisons mitoyennes.<br>Continuer, Le Verger de Fouisseul est au bout de la route.<\/p>\n\n\n\n<p class=\"font_7\"><strong>En partant du Mont-Saint Michel,<\/strong><\/p>\n\n\n\n<p class=\"font_7\">Prendre la direction de Pontorson, puis Sens de Bretagne. Rester sur la route D175, pour ensuite prendre la sortie afin de rejoindre Saint Aubin d&rsquo;Aubign\u00e9, St M\u00e9dard sur ille.<br>En arrivant \u00e0 Saint Aubin d&rsquo;Aubign\u00e9, prendre la route de St M\u00e9dard sur Ille (route D106), continuer sur 2 km, puis tourner \u00e0 gauche vers&nbsp; la Touche Bouilly, vous passerez devant le poney Club, faire encore 700m, puis tourner \u00e0 droite.<\/p>\n\n\n\n<p class=\"font_7\">Prendre la premi\u00e8re route sur votre gauche, devant deux maisons mitoyennes.<br>Continuer, Le Verger de Fouisseul est au bout de la route.<\/p>\n\n\n\n<p><span style=\"border-radius: 2px; text-indent: 20px; width: auto; padding: 0px 4px 0px 0px; text-align: center; font: bold 11px\/20px 'Helvetica Neue',Helvetica,sans-serif; color: #ffffff; background: #bd081c no-repeat scroll 3px 50% \/ 14px 14px; position: absolute; opacity: 1; z-index: 8675309; display: none; cursor: pointer; top: 84px; left: 41px;\">Enregistrer<\/span><\/p>\n\n\n\n<p><span style=\"border-radius: 2px; text-indent: 20px; width: auto; padding: 0px 4px 0px 0px; text-align: center; font: bold 11px\/20px 'Helvetica Neue',Helvetica,sans-serif; color: #ffffff; background: #bd081c no-repeat scroll 3px 50% \/ 14px 14px; position: absolute; opacity: 1; z-index: 8675309; display: none; cursor: pointer; top: 84px; left: 41px;\">Enregistrer<\/span><\/p>\n\n\n\n<p><span style=\"border-radius: 2px; text-indent: 20px; width: auto; padding: 0px 4px 0px 0px; text-align: center; font: bold 11px\/20px 'Helvetica Neue',Helvetica,sans-serif; color: #ffffff; background: #bd081c no-repeat scroll 3px 50% \/ 14px 14px; position: absolute; opacity: 1; z-index: 8675309; display: none; cursor: pointer; top: 84px; left: 41px;\">Enregistrer<\/span><\/p>\n\n\n\n<p><span style=\"border-radius: 2px; text-indent: 20px; width: auto; padding: 0px 4px 0px 0px; text-align: center; font: bold 11px\/20px 'Helvetica Neue',Helvetica,sans-serif; color: #ffffff; background: #bd081c no-repeat scroll 3px 50% \/ 14px 14px; position: absolute; opacity: 1; z-index: 8675309; display: none; cursor: pointer; top: 78px; left: 41px;\">Enregistrer<\/span><\/p>\n\n\n\n<p><span style=\"border-radius: 2px; text-indent: 20px; width: auto; padding: 0px 4px 0px 0px; text-align: center; font: bold 11px\/20px 'Helvetica Neue',Helvetica,sans-serif; color: #ffffff; background: #bd081c  no-repeat scroll 3px 50% \/ 14px 14px; position: absolute; opacity: 1; z-index: 8675309; display: none; cursor: pointer; top: 74px; left: 123px;\">Enregistrer<\/span><\/p>\n","protected":false},"excerpt":{"rendered":"<p>Pour tout renseignement ou r\u00e9servation n&rsquo;h\u00e9sitez pas \u00e0 nous contacter. Le Verger de Fouisseul Gw\u00e9na\u00eblle et Christophe OSMONTLe Fouisseul35250 St Germain sur Ille, Francee-mail : verger.fouisseul@gmail.comT\u00e9l :\u00a0 +33 (0)6 77 61 26 73 \/ +33 (0)6 72 73 11 31 Ou bien laissez nous un message : Pour acc\u00e9der au Verger de Fouisseul et ses [&hellip;]<\/p>\n","protected":false},"author":2,"featured_media":495,"parent":0,"menu_order":0,"comment_status":"closed","ping_status":"closed","template":"","meta":{"footnotes":""},"class_list":["post-61","page","type-page","status-publish","has-post-thumbnail","czr-hentry"],"yoast_head":"<!-- This site is optimized with the Yoast SEO plugin v25.9 - https:\/\/yoast.com\/wordpress\/plugins\/seo\/ -->\n<title>Contact et acc\u00e8s - Le Verger de Fouisseul<\/title>\n<meta name=\"robots\" content=\"index, follow, max-snippet:-1, max-image-preview:large, max-video-preview:-1\" \/>\n<link rel=\"canonical\" href=\"https:\/\/www.vergerdefouisseul.com\/index.php\/contact\/\" \/>\n<meta property=\"og:locale\" content=\"fr_FR\" \/>\n<meta property=\"og:type\" content=\"article\" \/>\n<meta property=\"og:title\" content=\"Contact et acc\u00e8s - Le Verger de Fouisseul\" \/>\n<meta property=\"og:description\" content=\"Pour tout renseignement ou r\u00e9servation n&rsquo;h\u00e9sitez pas \u00e0 nous contacter. Le Verger de Fouisseul Gw\u00e9na\u00eblle et Christophe OSMONTLe Fouisseul35250 St Germain sur Ille, Francee-mail : verger.fouisseul@gmail.comT\u00e9l :\u00a0 +33 (0)6 77 61 26 73 \/ +33 (0)6 72 73 11 31 Ou bien laissez nous un message : Pour acc\u00e9der au Verger de Fouisseul et ses [&hellip;]\" \/>\n<meta property=\"og:url\" content=\"https:\/\/www.vergerdefouisseul.com\/index.php\/contact\/\" \/>\n<meta property=\"og:site_name\" content=\"Le Verger de Fouisseul\" \/>\n<meta property=\"article:publisher\" content=\"https:\/\/www.facebook.com\/vergerfouisseul\" \/>\n<meta property=\"article:modified_time\" content=\"2021-12-15T10:24:30+00:00\" \/>\n<meta property=\"og:image\" content=\"https:\/\/www.vergerdefouisseul.com\/wp-content\/uploads\/2015\/09\/Le-Verger_contatc.jpg\" \/>\n\t<meta property=\"og:image:width\" content=\"599\" \/>\n\t<meta property=\"og:image:height\" content=\"225\" \/>\n\t<meta property=\"og:image:type\" content=\"image\/jpeg\" \/>\n<meta name=\"twitter:card\" content=\"summary_large_image\" \/>\n<meta name=\"twitter:label1\" content=\"Dur\u00e9e de lecture estim\u00e9e\" \/>\n\t<meta name=\"twitter:data1\" content=\"3 minutes\" \/>\n<script type=\"application\/ld+json\" class=\"yoast-schema-graph\">{\"@context\":\"https:\/\/schema.org\",\"@graph\":[{\"@type\":\"WebPage\",\"@id\":\"https:\/\/www.vergerdefouisseul.com\/index.php\/contact\/\",\"url\":\"https:\/\/www.vergerdefouisseul.com\/index.php\/contact\/\",\"name\":\"Contact et acc\u00e8s - Le Verger de Fouisseul\",\"isPartOf\":{\"@id\":\"https:\/\/www.vergerdefouisseul.com\/#website\"},\"primaryImageOfPage\":{\"@id\":\"https:\/\/www.vergerdefouisseul.com\/index.php\/contact\/#primaryimage\"},\"image\":{\"@id\":\"https:\/\/www.vergerdefouisseul.com\/index.php\/contact\/#primaryimage\"},\"thumbnailUrl\":\"https:\/\/www.vergerdefouisseul.com\/wp-content\/uploads\/2015\/09\/Le-Verger_contatc.jpg\",\"datePublished\":\"2015-09-24T10:00:56+00:00\",\"dateModified\":\"2021-12-15T10:24:30+00:00\",\"breadcrumb\":{\"@id\":\"https:\/\/www.vergerdefouisseul.com\/index.php\/contact\/#breadcrumb\"},\"inLanguage\":\"fr-FR\",\"potentialAction\":[{\"@type\":\"ReadAction\",\"target\":[\"https:\/\/www.vergerdefouisseul.com\/index.php\/contact\/\"]}]},{\"@type\":\"ImageObject\",\"inLanguage\":\"fr-FR\",\"@id\":\"https:\/\/www.vergerdefouisseul.com\/index.php\/contact\/#primaryimage\",\"url\":\"https:\/\/www.vergerdefouisseul.com\/wp-content\/uploads\/2015\/09\/Le-Verger_contatc.jpg\",\"contentUrl\":\"https:\/\/www.vergerdefouisseul.com\/wp-content\/uploads\/2015\/09\/Le-Verger_contatc.jpg\",\"width\":599,\"height\":225,\"caption\":\"le verger de fouisseul\"},{\"@type\":\"BreadcrumbList\",\"@id\":\"https:\/\/www.vergerdefouisseul.com\/index.php\/contact\/#breadcrumb\",\"itemListElement\":[{\"@type\":\"ListItem\",\"position\":1,\"name\":\"Accueil\",\"item\":\"https:\/\/www.vergerdefouisseul.com\/\"},{\"@type\":\"ListItem\",\"position\":2,\"name\":\"Contact et acc\u00e8s\"}]},{\"@type\":\"WebSite\",\"@id\":\"https:\/\/www.vergerdefouisseul.com\/#website\",\"url\":\"https:\/\/www.vergerdefouisseul.com\/\",\"name\":\"Le Verger de Fouisseul\",\"description\":\"\",\"potentialAction\":[{\"@type\":\"SearchAction\",\"target\":{\"@type\":\"EntryPoint\",\"urlTemplate\":\"https:\/\/www.vergerdefouisseul.com\/?s={search_term_string}\"},\"query-input\":{\"@type\":\"PropertyValueSpecification\",\"valueRequired\":true,\"valueName\":\"search_term_string\"}}],\"inLanguage\":\"fr-FR\"}]}<\/script>\n<!-- \/ Yoast SEO plugin. -->","yoast_head_json":{"title":"Contact et acc\u00e8s - Le Verger de Fouisseul","robots":{"index":"index","follow":"follow","max-snippet":"max-snippet:-1","max-image-preview":"max-image-preview:large","max-video-preview":"max-video-preview:-1"},"canonical":"https:\/\/www.vergerdefouisseul.com\/index.php\/contact\/","og_locale":"fr_FR","og_type":"article","og_title":"Contact et acc\u00e8s - Le Verger de Fouisseul","og_description":"Pour tout renseignement ou r\u00e9servation n&rsquo;h\u00e9sitez pas \u00e0 nous contacter. Le Verger de Fouisseul Gw\u00e9na\u00eblle et Christophe OSMONTLe Fouisseul35250 St Germain sur Ille, Francee-mail : verger.fouisseul@gmail.comT\u00e9l :\u00a0 +33 (0)6 77 61 26 73 \/ +33 (0)6 72 73 11 31 Ou bien laissez nous un message : Pour acc\u00e9der au Verger de Fouisseul et ses [&hellip;]","og_url":"https:\/\/www.vergerdefouisseul.com\/index.php\/contact\/","og_site_name":"Le Verger de Fouisseul","article_publisher":"https:\/\/www.facebook.com\/vergerfouisseul","article_modified_time":"2021-12-15T10:24:30+00:00","og_image":[{"width":599,"height":225,"url":"https:\/\/www.vergerdefouisseul.com\/wp-content\/uploads\/2015\/09\/Le-Verger_contatc.jpg","type":"image\/jpeg"}],"twitter_card":"summary_large_image","twitter_misc":{"Dur\u00e9e de lecture estim\u00e9e":"3 minutes"},"schema":{"@context":"https:\/\/schema.org","@graph":[{"@type":"WebPage","@id":"https:\/\/www.vergerdefouisseul.com\/index.php\/contact\/","url":"https:\/\/www.vergerdefouisseul.com\/index.php\/contact\/","name":"Contact et acc\u00e8s - Le Verger de Fouisseul","isPartOf":{"@id":"https:\/\/www.vergerdefouisseul.com\/#website"},"primaryImageOfPage":{"@id":"https:\/\/www.vergerdefouisseul.com\/index.php\/contact\/#primaryimage"},"image":{"@id":"https:\/\/www.vergerdefouisseul.com\/index.php\/contact\/#primaryimage"},"thumbnailUrl":"https:\/\/www.vergerdefouisseul.com\/wp-content\/uploads\/2015\/09\/Le-Verger_contatc.jpg","datePublished":"2015-09-24T10:00:56+00:00","dateModified":"2021-12-15T10:24:30+00:00","breadcrumb":{"@id":"https:\/\/www.vergerdefouisseul.com\/index.php\/contact\/#breadcrumb"},"inLanguage":"fr-FR","potentialAction":[{"@type":"ReadAction","target":["https:\/\/www.vergerdefouisseul.com\/index.php\/contact\/"]}]},{"@type":"ImageObject","inLanguage":"fr-FR","@id":"https:\/\/www.vergerdefouisseul.com\/index.php\/contact\/#primaryimage","url":"https:\/\/www.vergerdefouisseul.com\/wp-content\/uploads\/2015\/09\/Le-Verger_contatc.jpg","contentUrl":"https:\/\/www.vergerdefouisseul.com\/wp-content\/uploads\/2015\/09\/Le-Verger_contatc.jpg","width":599,"height":225,"caption":"le verger de fouisseul"},{"@type":"BreadcrumbList","@id":"https:\/\/www.vergerdefouisseul.com\/index.php\/contact\/#breadcrumb","itemListElement":[{"@type":"ListItem","position":1,"name":"Accueil","item":"https:\/\/www.vergerdefouisseul.com\/"},{"@type":"ListItem","position":2,"name":"Contact et acc\u00e8s"}]},{"@type":"WebSite","@id":"https:\/\/www.vergerdefouisseul.com\/#website","url":"https:\/\/www.vergerdefouisseul.com\/","name":"Le Verger de Fouisseul","description":"","potentialAction":[{"@type":"SearchAction","target":{"@type":"EntryPoint","urlTemplate":"https:\/\/www.vergerdefouisseul.com\/?s={search_term_string}"},"query-input":{"@type":"PropertyValueSpecification","valueRequired":true,"valueName":"search_term_string"}}],"inLanguage":"fr-FR"}]}},"_links":{"self":[{"href":"https:\/\/www.vergerdefouisseul.com\/index.php\/wp-json\/wp\/v2\/pages\/61","targetHints":{"allow":["GET"]}}],"collection":[{"href":"https:\/\/www.vergerdefouisseul.com\/index.php\/wp-json\/wp\/v2\/pages"}],"about":[{"href":"https:\/\/www.vergerdefouisseul.com\/index.php\/wp-json\/wp\/v2\/types\/page"}],"author":[{"embeddable":true,"href":"https:\/\/www.vergerdefouisseul.com\/index.php\/wp-json\/wp\/v2\/users\/2"}],"replies":[{"embeddable":true,"href":"https:\/\/www.vergerdefouisseul.com\/index.php\/wp-json\/wp\/v2\/comments?post=61"}],"version-history":[{"count":30,"href":"https:\/\/www.vergerdefouisseul.com\/index.php\/wp-json\/wp\/v2\/pages\/61\/revisions"}],"predecessor-version":[{"id":1998,"href":"https:\/\/www.vergerdefouisseul.com\/index.php\/wp-json\/wp\/v2\/pages\/61\/revisions\/1998"}],"wp:featuredmedia":[{"embeddable":true,"href":"https:\/\/www.vergerdefouisseul.com\/index.php\/wp-json\/wp\/v2\/media\/495"}],"wp:attachment":[{"href":"https:\/\/www.vergerdefouisseul.com\/index.php\/wp-json\/wp\/v2\/media?parent=61"}],"curies":[{"name":"wp","href":"https:\/\/api.w.org\/{rel}","templated":true}]}}